{"id":2855,"date":"2020-12-06T14:33:53","date_gmt":"2020-12-06T13:33:53","guid":{"rendered":"https:\/\/hallandsbotan.org\/wp\/?page_id=2855"},"modified":"2026-01-12T15:27:37","modified_gmt":"2026-01-12T14:27:37","slug":"floravakteri-2020","status":"publish","type":"page","link":"https:\/\/hallandsbotan.org\/wp\/floravakteri-2020\/","title":{"rendered":"Florav\u00e4kteri 2020"},"content":{"rendered":"\n<p>Under 2020 bes\u00f6ktes totalt 1800 florav\u00e4ktarlokaler i Halland, varav 483 var nya f\u00f6r \u00e5ret. Antalet bes\u00f6kta lokaler var med r\u00e5ge nytt rekord f\u00f6r Halland. P\u00e5 274 lokaler kunde de efters\u00f6kta arterna inte \u00e5terfinnas.<\/p>\n\n\n\n<p>54 personer var engagerade och sammanlagt rapporterades uppgifter om 112 r\u00f6dlistade k\u00e4rlv\u00e4xtarter till Artportalen.<\/p>\n\n\n\n<p>F\u00f6rdelningen av lokaler p\u00e5 olika kommuner och j\u00e4mf\u00f6relse med tidigare \u00e5r visas i tabellen nedan.\n<table id=\"tablepress-10\" class=\"tablepress tablepress-id-10\">\n<thead>\n<tr class=\"row-1\">\n\t<th class=\"column-1\">Kommun<\/th><th class=\"column-2\">2020<\/th><th class=\"column-3\">2019<\/th><th class=\"column-4\">2018<\/th><th class=\"column-5\">2017<\/th><th class=\"column-6\">2016<\/th><th class=\"column-7\">2015<\/th><td class=\"column-8\"><\/td>\n<\/tr>\n<\/thead>\n<tbody class=\"row-striping row-hover\">\n<tr class=\"row-2\">\n\t<td class=\"column-1\">Laholm<\/td><td class=\"column-2\">644<\/td><td class=\"column-3\">418<\/td><td class=\"column-4\">425<\/td><td class=\"column-5\">423<\/td><td class=\"column-6\">378<\/td><td class=\"column-7\">419<\/td><td class=\"column-8\"><\/td>\n<\/tr>\n<tr class=\"row-3\">\n\t<td class=\"column-1\">Halmstad<\/td><td class=\"column-2\">543<\/td><td class=\"column-3\">307<\/td><td class=\"column-4\">360<\/td><td class=\"column-5\">397<\/td><td class=\"column-6\">279<\/td><td class=\"column-7\">298<\/td><td class=\"column-8\"><\/td>\n<\/tr>\n<tr class=\"row-4\">\n\t<td class=\"column-1\">Falkenberg<\/td><td class=\"column-2\">272<\/td><td class=\"column-3\">177<\/td><td class=\"column-4\">200<\/td><td class=\"column-5\">185<\/td><td class=\"column-6\">84<\/td><td class=\"column-7\">119<\/td><td class=\"column-8\"><\/td>\n<\/tr>\n<tr class=\"row-5\">\n\t<td class=\"column-1\">Varberg<\/td><td class=\"column-2\">123<\/td><td class=\"column-3\">50<\/td><td class=\"column-4\">98<\/td><td class=\"column-5\">123<\/td><td class=\"column-6\">98<\/td><td class=\"column-7\">108<\/td><td class=\"column-8\"><\/td>\n<\/tr>\n<tr class=\"row-6\">\n\t<td class=\"column-1\">Kungsbacka<\/td><td class=\"column-2\">89<\/td><td class=\"column-3\">53<\/td><td class=\"column-4\">61<\/td><td class=\"column-5\">63<\/td><td class=\"column-6\">59<\/td><td class=\"column-7\">100<\/td><td class=\"column-8\"><\/td>\n<\/tr>\n<tr class=\"row-7\">\n\t<td class=\"column-1\">Hylte<\/td><td class=\"column-2\">129<\/td><td class=\"column-3\">114<\/td><td class=\"column-4\">128<\/td><td class=\"column-5\">113<\/td><td class=\"column-6\">95<\/td><td class=\"column-7\">93<\/td><td class=\"column-8\"><\/td>\n<\/tr>\n<tr class=\"row-8\">\n\t<td class=\"column-1\">Totalt<\/td><td class=\"column-2\">1800<\/td><td class=\"column-3\">1119<\/td><td class=\"column-4\">1272<\/td><td class=\"column-5\">1304<\/td><td class=\"column-6\">993<\/td><td class=\"column-7\">1137<\/td><td class=\"column-8\"><\/td>\n<\/tr>\n<\/tbody>\n<\/table>\n<!-- #tablepress-10 from cache --><\/p>\n\n\n\n<p>I tabellen nedan visas mera detaljerade uppgifter f\u00f6r 2020 r\u00f6rande antalet \u00e5terbes\u00f6kta och nya lokaler i de olika kommunerna. H\u00e4r framg\u00e5r ocks\u00e5 p\u00e5 hur m\u00e5nga av de gamla, \u00e5terbes\u00f6kta lokalerna som de aktuella arterna inte \u00e5terfunnits.\n<table id=\"tablepress-11\" class=\"tablepress tablepress-id-11\">\n<thead>\n<tr class=\"row-1\">\n\t<th class=\"column-1\">Kommun<\/th><th class=\"column-2\">Totalt<\/th><th class=\"column-3\">\u00c5terbes\u00f6kta<\/th><th class=\"column-4\">Nya lokaler<\/th><th class=\"column-5\">Ej \u00e5terfunna<\/th>\n<\/tr>\n<\/thead>\n<tbody class=\"row-striping row-hover\">\n<tr class=\"row-2\">\n\t<td class=\"column-1\">Laholm<\/td><td class=\"column-2\">644<\/td><td class=\"column-3\">438<\/td><td class=\"column-4\">206<\/td><td class=\"column-5\">84<\/td>\n<\/tr>\n<tr class=\"row-3\">\n\t<td class=\"column-1\">Halmstad<\/td><td class=\"column-2\">543<\/td><td class=\"column-3\">404<\/td><td class=\"column-4\">139<\/td><td class=\"column-5\">110<\/td>\n<\/tr>\n<tr class=\"row-4\">\n\t<td class=\"column-1\">Falkenberg<\/td><td class=\"column-2\">272<\/td><td class=\"column-3\">205<\/td><td class=\"column-4\">67<\/td><td class=\"column-5\">42<\/td>\n<\/tr>\n<tr class=\"row-5\">\n\t<td class=\"column-1\">Varberg<\/td><td class=\"column-2\">123<\/td><td class=\"column-3\">95<\/td><td class=\"column-4\">28<\/td><td class=\"column-5\">14<\/td>\n<\/tr>\n<tr class=\"row-6\">\n\t<td class=\"column-1\">Kungsbacka<\/td><td class=\"column-2\">89<\/td><td class=\"column-3\">65<\/td><td class=\"column-4\">24<\/td><td class=\"column-5\">2<\/td>\n<\/tr>\n<tr class=\"row-7\">\n\t<td class=\"column-1\">Hylte<\/td><td class=\"column-2\">129<\/td><td class=\"column-3\">110<\/td><td class=\"column-4\">19<\/td><td class=\"column-5\">22<\/td>\n<\/tr>\n<tr class=\"row-8\">\n\t<td class=\"column-1\">Totalt<\/td><td class=\"column-2\">1800<\/td><td class=\"column-3\">1317<\/td><td class=\"column-4\">483<\/td><td class=\"column-5\">274<\/td>\n<\/tr>\n<\/tbody>\n<\/table>\n<!-- #tablepress-11 from cache --><\/p>\n\n\n\n<p>De 1800 inventerade lokalerna 2020 f\u00f6rdelade sig p\u00e5 f\u00f6ljande vis p\u00e5 r\u00f6dlistans olika hotkategorier:<\/p>\n\n\n\n<figure class=\"wp-block-table is-style-stripes\"><table><tbody><tr><td class=\"has-text-align-center\" data-align=\"center\">F\u00f6rsvunna RE<\/td><td class=\"has-text-align-center\" data-align=\"center\">Akut hotade CR<\/td><td class=\"has-text-align-center\" data-align=\"center\">Starkt hotade EN<\/td><td class=\"has-text-align-center\" data-align=\"center\">S\u00e5rbara VU<\/td><td class=\"has-text-align-center\" data-align=\"center\">N\u00e4ra hotade NT<\/td><\/tr><tr><td class=\"has-text-align-center\" data-align=\"center\">2<\/td><td class=\"has-text-align-center\" data-align=\"center\">2<\/td><td class=\"has-text-align-center\" data-align=\"center\">169<\/td><td class=\"has-text-align-center\" data-align=\"center\">1131<\/td><td class=\"has-text-align-center\" data-align=\"center\">496<\/td><\/tr><\/tbody><\/table><\/figure>\n\n\n\n<p>Ut\u00f6ver k\u00e4rlv\u00e4xterna rapporterades \u00e4ven inventeringsresultat fr\u00e5n 10 lokaler med r\u00f6dlistade mossor, 216 lokaler med r\u00f6dlistade lavar och 88 lokaler med r\u00f6dlistade svampar.<\/p>\n","protected":false},"excerpt":{"rendered":"<p>Under 2020 bes\u00f6ktes totalt 1800 florav\u00e4ktarlokaler i Halland, varav 483 var nya f\u00f6r \u00e5ret. Antalet bes\u00f6kta lokaler var med r\u00e5ge nytt rekord f\u00f6r Halland. P\u00e5 274 lokaler kunde de efters\u00f6kta arterna inte \u00e5terfinnas. 54 personer var engagerade och sammanlagt rapporterades &hellip; <a href=\"https:\/\/hallandsbotan.org\/wp\/floravakteri-2020\/\">Forts\u00e4tt l\u00e4sa <span class=\"meta-nav\">&rarr;<\/span><\/a><\/p>\n","protected":false},"author":2,"featured_media":0,"parent":0,"menu_order":0,"comment_status":"closed","ping_status":"closed","template":"","meta":{"footnotes":""},"folder":[16],"class_list":["post-2855","page","type-page","status-publish","hentry"],"_links":{"self":[{"href":"https:\/\/hallandsbotan.org\/wp\/wp-json\/wp\/v2\/pages\/2855","targetHints":{"allow":["GET"]}}],"collection":[{"href":"https:\/\/hallandsbotan.org\/wp\/wp-json\/wp\/v2\/pages"}],"about":[{"href":"https:\/\/hallandsbotan.org\/wp\/wp-json\/wp\/v2\/types\/page"}],"author":[{"embeddable":true,"href":"https:\/\/hallandsbotan.org\/wp\/wp-json\/wp\/v2\/users\/2"}],"replies":[{"embeddable":true,"href":"https:\/\/hallandsbotan.org\/wp\/wp-json\/wp\/v2\/comments?post=2855"}],"version-history":[{"count":8,"href":"https:\/\/hallandsbotan.org\/wp\/wp-json\/wp\/v2\/pages\/2855\/revisions"}],"predecessor-version":[{"id":4738,"href":"https:\/\/hallandsbotan.org\/wp\/wp-json\/wp\/v2\/pages\/2855\/revisions\/4738"}],"wp:attachment":[{"href":"https:\/\/hallandsbotan.org\/wp\/wp-json\/wp\/v2\/media?parent=2855"}],"wp:term":[{"taxonomy":"folder","embeddable":true,"href":"https:\/\/hallandsbotan.org\/wp\/wp-json\/wp\/v2\/folder?post=2855"}],"curies":[{"name":"wp","href":"https:\/\/api.w.org\/{rel}","templated":true}]}}