{"id":2901,"date":"2021-01-13T13:55:54","date_gmt":"2021-01-13T12:55:54","guid":{"rendered":"https:\/\/hallandsbotan.org\/wp\/?page_id=2901"},"modified":"2021-01-13T14:12:44","modified_gmt":"2021-01-13T13:12:44","slug":"sockenfloror-i-varberg","status":"publish","type":"page","link":"https:\/\/hallandsbotan.org\/wp\/sockenfloror-i-varberg\/","title":{"rendered":"Sockenfloror i Varberg"},"content":{"rendered":"\n<p>Under \u00e5ren 1997-2012 publicerade Ingvar Lenfors, en av initiativtagarna och f\u00f6rfattarna till Hallands Flora, elva floror f\u00f6r socknarna i Varbergs kommun. I likhet med Hallands Flora g\u00e5r de numera endast att hitta i antikvariat, och de har d\u00e4rf\u00f6r efter medgivande av f\u00f6rfattaren skannats f\u00f6r att g\u00f6ras tillg\u00e4ngliga digitalt.<\/p>\n\n\n\n<div class=\"wp-block-image\"><figure class=\"alignright size-medium\"><img loading=\"lazy\" decoding=\"async\" width=\"201\" height=\"300\" src=\"https:\/\/hallandsbotan.org\/wp\/wp-content\/uploads\/2021\/01\/Grimetons-flora-201x300.jpg\" alt=\"\" class=\"wp-image-2905\" srcset=\"https:\/\/hallandsbotan.org\/wp\/wp-content\/uploads\/2021\/01\/Grimetons-flora-201x300.jpg 201w, https:\/\/hallandsbotan.org\/wp\/wp-content\/uploads\/2021\/01\/Grimetons-flora-685x1024.jpg 685w, https:\/\/hallandsbotan.org\/wp\/wp-content\/uploads\/2021\/01\/Grimetons-flora-768x1148.jpg 768w, https:\/\/hallandsbotan.org\/wp\/wp-content\/uploads\/2021\/01\/Grimetons-flora-1028x1536.jpg 1028w, https:\/\/hallandsbotan.org\/wp\/wp-content\/uploads\/2021\/01\/Grimetons-flora.jpg 1148w\" sizes=\"auto, (max-width: 201px) 100vw, 201px\" \/><\/figure><\/div>\n\n\n\n<p><a href=\"https:\/\/hallandsbotan.org\/wp\/wp-content\/uploads\/2021\/01\/Grimeton_webb.pdf\">Grimetons flora (2007) 8 MB<\/a><\/p>\n\n\n\n<p><a href=\"https:\/\/hallandsbotan.org\/wp\/wp-content\/uploads\/2021\/01\/Godestad_Hunnestad_webb.pdf\">G\u00f6destads och Hunnestads flora (2003) 7,3 MB<\/a><\/p>\n\n\n\n<p><a href=\"https:\/\/hallandsbotan.org\/wp\/wp-content\/uploads\/2021\/01\/Lindberg_webb.pdf\">Lindbergs flora (2002) 9,1 MB<\/a><\/p>\n\n\n\n<p><a href=\"https:\/\/hallandsbotan.org\/wp\/wp-content\/uploads\/2021\/01\/Spannarp_webb.pdf\">Spannarps flora (1997) 4,8 MB<\/a><\/p>\n\n\n\n<p><a href=\"https:\/\/hallandsbotan.org\/wp\/wp-content\/uploads\/2021\/01\/Torpa_webb.pdf\">Torpas flora (2004) 9,0 MB<\/a><\/p>\n\n\n\n<p><a href=\"https:\/\/hallandsbotan.org\/wp\/wp-content\/uploads\/2021\/01\/Traslov_webb.pdf\">Tr\u00e4sl\u00f6vs flora (1998) 8,8 MB<\/a><\/p>\n\n\n\n<p><a href=\"https:\/\/hallandsbotan.org\/wp\/wp-content\/uploads\/2021\/01\/Tvaaker_webb.pdf\">Tv\u00e5\u00e5kers flora (2005) 9,8 MB<\/a><\/p>\n\n\n\n<p><a href=\"https:\/\/hallandsbotan.org\/wp\/wp-content\/uploads\/2021\/01\/Valinge_webb.pdf\">Valinges flora (2010) 9,2 MB<\/a><\/p>\n\n\n\n<p><a href=\"https:\/\/hallandsbotan.org\/wp\/wp-content\/uploads\/2021\/01\/Varberg_webb.pdf\">Varbergs flora (2000) 9,6 MB<\/a><\/p>\n\n\n\n<p><a href=\"https:\/\/hallandsbotan.org\/wp\/wp-content\/uploads\/2021\/01\/Varo_webb.pdf\">V\u00e4r\u00f6s flora (2012) 16 MB<\/a><\/p>\n\n\n\n<p><a href=\"https:\/\/hallandsbotan.org\/wp\/wp-content\/uploads\/2021\/01\/As_webb.pdf\">\u00c5s flora (2008) 11,8 MB<\/a><\/p>\n\n\n\n<p><\/p>\n","protected":false},"excerpt":{"rendered":"<p>Under \u00e5ren 1997-2012 publicerade Ingvar Lenfors, en av initiativtagarna och f\u00f6rfattarna till Hallands Flora, elva floror f\u00f6r socknarna i Varbergs kommun. I likhet med Hallands Flora g\u00e5r de numera endast att hitta i antikvariat, och de har d\u00e4rf\u00f6r efter medgivande &hellip; <a href=\"https:\/\/hallandsbotan.org\/wp\/sockenfloror-i-varberg\/\">Forts\u00e4tt l\u00e4sa <span class=\"meta-nav\">&rarr;<\/span><\/a><\/p>\n","protected":false},"author":2,"featured_media":0,"parent":0,"menu_order":0,"comment_status":"closed","ping_status":"closed","template":"","meta":{"footnotes":""},"folder":[19],"class_list":["post-2901","page","type-page","status-publish","hentry"],"_links":{"self":[{"href":"https:\/\/hallandsbotan.org\/wp\/wp-json\/wp\/v2\/pages\/2901","targetHints":{"allow":["GET"]}}],"collection":[{"href":"https:\/\/hallandsbotan.org\/wp\/wp-json\/wp\/v2\/pages"}],"about":[{"href":"https:\/\/hallandsbotan.org\/wp\/wp-json\/wp\/v2\/types\/page"}],"author":[{"embeddable":true,"href":"https:\/\/hallandsbotan.org\/wp\/wp-json\/wp\/v2\/users\/2"}],"replies":[{"embeddable":true,"href":"https:\/\/hallandsbotan.org\/wp\/wp-json\/wp\/v2\/comments?post=2901"}],"version-history":[{"count":3,"href":"https:\/\/hallandsbotan.org\/wp\/wp-json\/wp\/v2\/pages\/2901\/revisions"}],"predecessor-version":[{"id":2918,"href":"https:\/\/hallandsbotan.org\/wp\/wp-json\/wp\/v2\/pages\/2901\/revisions\/2918"}],"wp:attachment":[{"href":"https:\/\/hallandsbotan.org\/wp\/wp-json\/wp\/v2\/media?parent=2901"}],"wp:term":[{"taxonomy":"folder","embeddable":true,"href":"https:\/\/hallandsbotan.org\/wp\/wp-json\/wp\/v2\/folder?post=2901"}],"curies":[{"name":"wp","href":"https:\/\/api.w.org\/{rel}","templated":true}]}}